{"id":1955,"date":"2024-02-01T15:03:54","date_gmt":"2024-02-01T14:03:54","guid":{"rendered":"https:\/\/pantarei.hr\/impressum\/"},"modified":"2024-02-23T14:57:35","modified_gmt":"2024-02-23T13:57:35","slug":"impressum","status":"publish","type":"page","link":"https:\/\/pantarei.hr\/en\/impressum\/","title":{"rendered":"Impressum"},"content":{"rendered":"[et_pb_section fb_built=&#8221;1&#8243; admin_label=&#8221;section&#8221; _builder_version=&#8221;4.16&#8243; global_colors_info=&#8221;{}&#8221;][et_pb_row admin_label=&#8221;row&#8221; _builder_version=&#8221;4.16&#8243; background_size=&#8221;initial&#8221; background_position=&#8221;top_left&#8221; background_repeat=&#8221;repeat&#8221; global_colors_info=&#8221;{}&#8221;][et_pb_column type=&#8221;4_4&#8243; _builder_version=&#8221;4.16&#8243; custom_padding=&#8221;|||&#8221; global_colors_info=&#8221;{}&#8221; custom_padding__hover=&#8221;|||&#8221;][et_pb_text _builder_version=&#8221;4.24.0&#8243; _module_preset=&#8221;1704c0d8-3923-4f63-89f1-20fae37a1849&#8243; header_text_color=&#8221;#263D5C&#8221; header_line_height=&#8221;1.2em&#8221; header_2_font=&#8221;|500|||||||&#8221; header_2_text_color=&#8221;#FFFDFA&#8221; header_2_line_height=&#8221;1.2em&#8221; header_2_font_size_tablet=&#8221;32px&#8221; header_2_font_size_phone=&#8221;20px&#8221; header_2_font_size_last_edited=&#8221;on|desktop&#8221; locked=&#8221;off&#8221; global_colors_info=&#8221;{}&#8221;]<h1>Impressum<\/h1>[\/et_pb_text][et_pb_text admin_label=&#8221;Text&#8221; _builder_version=&#8221;4.24.0&#8243; background_size=&#8221;initial&#8221; background_position=&#8221;top_left&#8221; background_repeat=&#8221;repeat&#8221; hover_enabled=&#8221;0&#8243; global_colors_info=&#8221;{}&#8221; sticky_enabled=&#8221;0&#8243;]<strong>NAME:<\/strong> Panta Rei, obrt za ostalo obrazovanje i pou\u010davanje, vl. Ivana Host\n\n<strong>OZNAKA OBRTA: <\/strong>85.59- OSTALO OBRAZOVANJE I POU\u010cAVANJE, D.N. &#8211; OBRAZOVANJE KOJE NIJE DEFINIRANO RAZINAMA\n\nRegistrirane djelatnosti:\n<ul>\n\t<li>63.11- OBRADA PODATAKA, USLUGE POSLU\u017dITELJA I DJELATNOSTI POVEZANE S NJIMA<\/li>\n\t<li>70.22 &#8211; SAVJETOVANJE U VEZI S POSLOVANJEM I OSTALIM UPRAVLJANJEM<\/li>\n\t<li>72.20 -ISTRA\u017dIVANJE I EKSPRIMENTALNI RAZVOJ U DRU\u0160TVENIM I HUMANISTI\u010cKIM ZNANOSTIMA<\/li>\n\t<li>73.20 -ISTRA\u017dIVANJE TR\u017dI\u0160TA I ISPITIVANJE JAVNOG MNIJENJA<\/li>\n\t<li>74.90 -OSTALE STRU\u010cNE, ZNANSTVENE I TEHNI\u010cKE DJELATNOSTI, D.N.<\/li>\n\t<li>96.09. &#8211; OSTALE OSOBNE USLU\u017dNE DJELATNOSTI, D.N.<\/li>\n\t<li>82.11 &#8211; KOMBINIRANE UREDSKE ADMINISTRATIVNE USLU\u017dNE DJELATNOSTI<\/li>\n\t<li>85.51 &#8211; OBRAZOVANJE I POU\u010cAVANJE U PODRU\u010cJU SPORTA I REKREACIJE<\/li>\n\t<li>85.52 -OBRAZOVANJE I PODU\u010cAVANJE U PODRU\u010cJU KULTURE-PODUKE<\/li>\n\t<li>85.60 -POMO\u0106NE USLU\u017dNE DJELATNOSTI U OBRAZOVANJU<\/li>\n\t<li>90.02 &#8211; POMO\u0106NE DJELATNOSTI U IZVO\u0110A\u010cKOJ UMJETNOSTI<\/li>\n\t<li>58.19 -OSTALA IZDAVA\u010cKA DJELATNOST- OSIM POSLOVA FOTOGRAFA\n<\/code><\/li>\n\t<li>79.90 -OSTALE REZERVACIJSKE USLUGE I DJELATNOSTI POVEZANE S NJIMA &#8211; OSIM DJELATNOSTI TURISTI\u010cKOG VODI\u010cA<\/li>\n<\/ul>\n<strong>VLASNIK:<\/strong> Ivana Host\n\n<strong>SJEDI\u0160TE:<\/strong> Gornja Vraca 11, Omi\u0161alj\n\n<strong>OBRT JE UPISAN:<\/strong> Upravni odjel za gospodarstvo i poljoprivredu, grad Krk\n\n<strong>MBO:<\/strong> 98698630\n\n<strong>IBAN OTVOREN KOD:<\/strong>\n\nERSTE&amp;STEIERM\u00c4RKISCHE BANK D.D.\n\n<strong>IBAN: HR1724020061140530960<\/strong>\n\n<strong>CONTACT:<\/strong>\n\nPhone: +385 91 1734436\n\nE-mail: <a href=\"mailto:host.ivana@gmail.com\">host.ivana@gmail.com<\/a>\n\n<!-- notionvc: bd9e7fb6-0f05-43c2-b87e-951aa6509ab0 -->\n\n&nbsp;\n\n[\/et_pb_text][\/et_pb_column][\/et_pb_row][\/et_pb_section]<!-- \/wp:post-content -->","protected":false},"excerpt":{"rendered":"<p>ImpressumNAME: Panta Rei, obrt za ostalo obrazovanje i pou\u010davanje, vl. Ivana Host OZNAKA OBRTA: 85.59- OSTALO OBRAZOVANJE I POU\u010cAVANJE, D.N. &#8211; OBRAZOVANJE KOJE NIJE DEFINIRANO RAZINAMA Registrirane djelatnosti: 63.11- OBRADA PODATAKA, USLUGE POSLU\u017dITELJA I DJELATNOSTI POVEZANE S NJIMA 70.22 &#8211; SAVJETOVANJE U VEZI S POSLOVANJEM I OSTALIM UPRAVLJANJEM 72.20 -ISTRA\u017dIVANJE I EKSPRIMENTALNI RAZVOJ U DRU\u0160TVENIM [&hellip;]<\/p>\n","protected":false},"author":3,"featured_media":0,"parent":0,"menu_order":0,"comment_status":"closed","ping_status":"closed","template":"","meta":{"_et_pb_use_builder":"on","_et_pb_old_content":"","_et_gb_content_width":"","footnotes":""},"class_list":["post-1955","page","type-page","status-publish","hentry"],"_links":{"self":[{"href":"https:\/\/pantarei.hr\/en\/wp-json\/wp\/v2\/pages\/1955","targetHints":{"allow":["GET"]}}],"collection":[{"href":"https:\/\/pantarei.hr\/en\/wp-json\/wp\/v2\/pages"}],"about":[{"href":"https:\/\/pantarei.hr\/en\/wp-json\/wp\/v2\/types\/page"}],"author":[{"embeddable":true,"href":"https:\/\/pantarei.hr\/en\/wp-json\/wp\/v2\/users\/3"}],"replies":[{"embeddable":true,"href":"https:\/\/pantarei.hr\/en\/wp-json\/wp\/v2\/comments?post=1955"}],"version-history":[{"count":11,"href":"https:\/\/pantarei.hr\/en\/wp-json\/wp\/v2\/pages\/1955\/revisions"}],"predecessor-version":[{"id":1966,"href":"https:\/\/pantarei.hr\/en\/wp-json\/wp\/v2\/pages\/1955\/revisions\/1966"}],"wp:attachment":[{"href":"https:\/\/pantarei.hr\/en\/wp-json\/wp\/v2\/media?parent=1955"}],"curies":[{"name":"wp","href":"https:\/\/api.w.org\/{rel}","templated":true}]}}